{"id":987820,"date":"2024-05-30T20:58:16","date_gmt":"2024-05-30T18:58:16","guid":{"rendered":"https:\/\/ekarolinka.pl\/dlutow\/?page_id=987820"},"modified":"2025-04-10T09:51:45","modified_gmt":"2025-04-10T07:51:45","slug":"projekt-unijny","status":"publish","type":"page","link":"https:\/\/ekarolinka.pl\/belchatow-nehrebeckiego\/projekt-unijny\/","title":{"rendered":"Projekt unijny"},"content":{"rendered":"\t\t<div data-elementor-type=\"wp-page\" data-elementor-id=\"987820\" class=\"elementor elementor-987820\" data-elementor-post-type=\"page\">\n\t\t\t\t\t\t\t\t\t<section class=\"elementor-section elementor-top-section elementor-element elementor-element-99e3143 elementor-section-content-bottom elementor-section-height-min-height elementor-section-items-stretch elementor-section-boxed elementor-section-height-default\" data-id=\"99e3143\" data-element_type=\"section\" data-settings=\"{&quot;background_background&quot;:&quot;classic&quot;,&quot;animation&quot;:&quot;none&quot;,&quot;shape_divider_bottom&quot;:&quot;vamtam-waves&quot;,&quot;shape_divider_top&quot;:&quot;vamtam-waves&quot;}\">\n\t\t\t\t\t\t<div class=\"elementor-container elementor-column-gap-default\">\n\t\t\t\t\t<div class=\"elementor-column elementor-col-50 elementor-top-column elementor-element elementor-element-1e62218\" data-id=\"1e62218\" data-element_type=\"column\">\n\t\t\t<div class=\"elementor-widget-wrap elementor-element-populated\">\n\t\t\t\t\t\t\t\t\t<\/div>\n\t\t<\/div>\n\t\t\t\t<div class=\"elementor-column elementor-col-50 elementor-top-column elementor-element elementor-element-77fb9a6 elementor-hidden-phone\" data-id=\"77fb9a6\" data-element_type=\"column\">\n\t\t\t<div class=\"elementor-widget-wrap elementor-element-populated\">\n\t\t\t\t\t\t\t\t<div class=\"elementor-element elementor-element-ca71eda animated-fast elementor-invisible elementor-widget elementor-widget-image\" data-id=\"ca71eda\" data-element_type=\"widget\" data-settings=\"{&quot;_animation&quot;:&quot;zoomInDown&quot;,&quot;motion_fx_scale_effect&quot;:&quot;yes&quot;,&quot;motion_fx_scale_direction&quot;:&quot;in-out&quot;,&quot;motion_fx_scale_range&quot;:{&quot;unit&quot;:&quot;%&quot;,&quot;size&quot;:&quot;&quot;,&quot;sizes&quot;:{&quot;start&quot;:50,&quot;end&quot;:100}},&quot;motion_fx_motion_fx_scrolling&quot;:&quot;yes&quot;,&quot;motion_fx_scale_speed&quot;:{&quot;unit&quot;:&quot;px&quot;,&quot;size&quot;:6,&quot;sizes&quot;:[]},&quot;motion_fx_devices&quot;:[&quot;desktop&quot;]}\" data-widget_type=\"image.default\">\n\t\t\t\t<div class=\"elementor-widget-container\">\n\t\t\t<style>\/*! elementor - v3.16.0 - 14-09-2023 *\/\n.elementor-widget-image{text-align:center}.elementor-widget-image a{display:inline-block}.elementor-widget-image a img[src$=\".svg\"]{width:48px}.elementor-widget-image img{vertical-align:middle;display:inline-block}<\/style>\t\t\t\t\t\t\t\t\t\t\t\t<img loading=\"lazy\" decoding=\"async\" width=\"241\" height=\"300\" src=\"https:\/\/ekarolinka.pl\/belchatow-nehrebeckiego\/wp-content\/uploads\/2019\/11\/logod-241x300.png\" class=\"attachment-medium size-medium wp-image-987666\" alt=\"\" srcset=\"https:\/\/ekarolinka.pl\/belchatow-nehrebeckiego\/wp-content\/uploads\/2019\/11\/logod-241x300.png 241w, https:\/\/ekarolinka.pl\/belchatow-nehrebeckiego\/wp-content\/uploads\/2019\/11\/logod.png 249w\" sizes=\"auto, (max-width: 241px) 100vw, 241px\" \/>\t\t\t\t\t\t\t\t\t\t\t\t\t\t\t<\/div>\n\t\t\t\t<\/div>\n\t\t\t\t\t<\/div>\n\t\t<\/div>\n\t\t\t\t\t\t\t<\/div>\n\t\t<\/section>\n\t\t<div class=\"elementor-element elementor-element-62da79a e-flex e-con-boxed e-con e-parent\" data-id=\"62da79a\" data-element_type=\"container\" data-settings=\"{&quot;content_width&quot;:&quot;boxed&quot;}\" data-core-v316-plus=\"true\">\n\t\t\t\t\t<div class=\"e-con-inner\">\n\t\t\t\t\t<\/div>\n\t\t\t\t<\/div>\n\t\t<div class=\"elementor-element elementor-element-a172be1 e-flex e-con-boxed e-con e-parent\" data-id=\"a172be1\" data-element_type=\"container\" data-settings=\"{&quot;content_width&quot;:&quot;boxed&quot;}\" data-core-v316-plus=\"true\">\n\t\t\t\t\t<div class=\"e-con-inner\">\n\t\t\t\t<div class=\"elementor-element elementor-element-5e320ca elementor-widget elementor-widget-image\" data-id=\"5e320ca\" data-element_type=\"widget\" data-widget_type=\"image.default\">\n\t\t\t\t<div class=\"elementor-widget-container\">\n\t\t\t\t\t\t\t\t\t\t\t\t\t\t\t<img loading=\"lazy\" decoding=\"async\" width=\"1024\" height=\"106\" src=\"https:\/\/ekarolinka.pl\/belchatow-nehrebeckiego\/wp-content\/uploads\/2024\/07\/fundusze-1024x106.png\" class=\"attachment-large size-large wp-image-987947\" alt=\"\" srcset=\"https:\/\/ekarolinka.pl\/belchatow-nehrebeckiego\/wp-content\/uploads\/2024\/07\/fundusze-1024x106.png 1024w, https:\/\/ekarolinka.pl\/belchatow-nehrebeckiego\/wp-content\/uploads\/2024\/07\/fundusze-300x31.png 300w, https:\/\/ekarolinka.pl\/belchatow-nehrebeckiego\/wp-content\/uploads\/2024\/07\/fundusze-768x80.png 768w, https:\/\/ekarolinka.pl\/belchatow-nehrebeckiego\/wp-content\/uploads\/2024\/07\/fundusze.png 1159w\" sizes=\"auto, (max-width: 1024px) 100vw, 1024px\" \/>\t\t\t\t\t\t\t\t\t\t\t\t\t\t\t<\/div>\n\t\t\t\t<\/div>\n\t\t\t\t<div class=\"elementor-element elementor-element-70e5b9e elementor-widget elementor-widget-text-editor\" data-id=\"70e5b9e\" data-element_type=\"widget\" data-widget_type=\"text-editor.default\">\n\t\t\t\t<div class=\"elementor-widget-container\">\n\t\t\t<style>\/*! elementor - v3.16.0 - 14-09-2023 *\/\n.elementor-widget-text-editor.elementor-drop-cap-view-stacked .elementor-drop-cap{background-color:#69727d;color:#fff}.elementor-widget-text-editor.elementor-drop-cap-view-framed .elementor-drop-cap{color:#69727d;border:3px solid;background-color:transparent}.elementor-widget-text-editor:not(.elementor-drop-cap-view-default) .elementor-drop-cap{margin-top:8px}.elementor-widget-text-editor:not(.elementor-drop-cap-view-default) .elementor-drop-cap-letter{width:1em;height:1em}.elementor-widget-text-editor .elementor-drop-cap{float:left;text-align:center;line-height:1;font-size:50px}.elementor-widget-text-editor .elementor-drop-cap-letter{display:inline-block}<\/style>\t\t\t\t<p>\u00a0<\/p><p style=\"margin-bottom: 0.35cm;\"><strong>Numer projektu i jego nazwa: <\/strong>FELD.08.06 \u2013 IZ.00-0030\/23<\/p><p style=\"margin-bottom: 0.35cm;\">\u201e<strong>Najwa\u017cniejsza jest ciekawo\u015b\u0107 poznawania \u015bwiata<\/strong>\u201d<\/p><p style=\"margin-bottom: 0.35cm;\">Data rozpocz\u0119cia: 01.04.2024 r. Data zako\u0144czenia: 31.03.2026 r.<\/p><p style=\"margin-bottom: 0.35cm;\"><strong>Realizowany w ramach<\/strong>:<br \/>Programu Regionalnego Fundusze Europejskie dla \u0141\u00f3dzkiego 2021-2027, wsp\u00f3\u0142finansowanego przez Uni\u0119 Europejsk\u0105 ze \u015brodk\u00f3w Europejskiego Funduszu Spo\u0142ecznego Plus oraz wdra\u017cany przez Urz\u0105d Marsza\u0142kowski Wojew\u00f3dztwa \u0141\u00f3dzkiego.<\/p><p style=\"margin-bottom: 0.35cm;\"><strong>Realizowany przez<\/strong>:<br \/>Muzyczno \u2013 Artystyczne Niepubliczne Przedszkole Karolinka, ul. Nehrebeckiego 55, 97-400 Be\u0142chat\u00f3w \u2013 Wnioskodawca i Beneficjent projektu<\/p><p style=\"margin-bottom: 0.35cm;\"><strong>Cel g\u0142\u00f3wny projektu<\/strong>:<br \/>Zwi\u0119kszenie jako\u015bci edukacji w Muzyczno \u2013 Artystycznym Niepublicznym Przedszkolu Karolinka w Be\u0142chatowie ukierunkowane na wspieranie r\u00f3wnego dost\u0119pu do dobrej jako\u015bci, w\u0142\u0105czaj\u0105cego kszta\u0142cenia i szkolenia, w szczeg\u00f3lno\u015bci w odniesieniu do grup w niekorzystnej sytuacji, poprzez podniesienie kompetencji\/kwalifikacji<br \/>7 nauczycieli (6K\/1M) Muzyczno \u2013 Artystycznego Przedszkola Karolinka, doposa\u017cenie placu zabaw oraz poprzez organizacj\u0119 dla 30 dzieci (36K\/34M)obj\u0119tych edukacj\u0105 w Muzyczno \u2013 Artystycznym Przedszkolu Karolinka dodatkowych zaj\u0119\u0107 w zakresie wyr\u00f3wnywania stwierdzonych deficyt\u00f3w, rozwoju kompetencji emocjonalno \u2013 spo\u0142ecznych, kompetencji kluczowych, w tym: terapii metod\u0105 Tomatisa, terapii Biofeedback, muzykoterapii, Zumbini, warsztat\u00f3w sensoplastycznych, zaj\u0119\u0107 ekologicznych realizowanych w terminie: 01.04.2024 r. \u2013 31.03.2026 r.<\/p><p style=\"margin-bottom: 0.35cm;\"><strong>Warto\u015b\u0107 projektu<\/strong>: 713.800,00 z\u0142otych Warto\u015b\u0107 dofinansowania: z\u0142otych<\/p><p style=\"margin-bottom: 0.35cm;\"><strong>Zakres wsparcia dzieci i nauczycieli<\/strong>:<\/p><p style=\"margin-bottom: 0.35cm;\">1. Projekt zak\u0142ada wsparcie dla dzieci poprzez udzia\u0142 w ni\u017cej wymienionych zaj\u0119ciach dodatkowych:<br \/>a) terapia metod\u0105 Tomatisa (zadanie 4) skierowana do 12 uczestnik\u00f3w projektu realizowana indywidualnie w wymiarze 45 minut, jeden raz w tygodniu na dziecko przez 40 tygodni.<br \/>\u0141\u0105cznie: 360 godzin<br \/>b) terapia Biofeedback (zadanie 5) skierowana do 10 uczestnik\u00f3w projektu realizowana indywidualnie w wymiarze 1 godziny raz w tygodniu na dziecko przez 40 tygodni.<br \/>\u0141\u0105cznie: 400 godzin<br \/>c) Muzykoterapia (zadanie 6) skierowana do 70 uczestnik\u00f3w projektu realizowana w 5 grupach (po 14 uczestnik\u00f3w projektu) w wymiarze po 1 godzinie, jeden raz w tygodniu w trzech grupach przez 40 tygodni.<br \/>\u0141\u0105cznie: 200 godzin dla 70 uczestnik\u00f3w projektu<br \/>d) Zumbini (zadanie 7) skierowane do 70 uczestnik\u00f3w projektu, realizowane w 5 grupach (po 14 uczestnik\u00f3w projektu) w wymiarze po 1 godzinie tygodniowo, jeden raz w tygodniu w trzech grupach przez 40 tygodni.<br \/>\u0141\u0105cznie: 200 godzin dla 70 uczestnik\u00f3w projektu.<br \/>e) warsztaty sensoplastyczne (zadanie 8) skierowane do 70 uczestnik\u00f3w projektu, realizowane w 5 grupach (po 14 uczestnik\u00f3w projektu) w wymiarze po 1 spotkaniu na grup\u0119 w miesi\u0105cu przez 10 miesi\u0119cy. \u0141\u0105cznie 50 warsztat\u00f3w \u2013 5 grup po 10 warsztat\u00f3w w ka\u017cdej grupie<br \/>f) zaj\u0119cia ekologiczne (zadanie 9) skierowane do 20 uczestnik\u00f3w projektu, realizowane w 2 grupach (po 10 uczestnik\u00f3w projektu), w wymiarze 1 godzina tygodniowo na grup\u0119 przez 40 tygodni.<br \/>\u0141\u0105cznie: 80 godzin dla 20 uczestnik\u00f3w projektu.<br \/>2. Projekt zak\u0142ada wsparcie dla nauczycieli Muzyczno \u2013 Artystycznego Niepublicznego Przedszkola Karolinka w Be\u0142chatowie poprzez udzia\u0142 wychowawc\u00f3w w szkoleniach, studiach podyplomowych i kursach:<br \/>a) studia podyplomowe: \u201eOligofrenopedagogika\u201d (zadanie 2) \u2013 3 semestry \u2013 skierowane do 1 nauczyciela<br \/>b) studia podyplomowe: \u201eDiagnoza, rewalidacja i terapia pedagogiczna\u201d (zadanie 2) \u2013 3 semestry \u2013 skierowane do 2 nauczycieli<br \/>c) studia podyplomowe: \u201eWczesne wspomaganie rozwoju dziecka\u201d (zadanie) \u2013 3 semestry \u2013 skierowane do 1 nauczyciela<br \/>d) szkolenie \u201eMetoda Tomatisa I i II poziom\u201d (zadanie 2) \u2013 6 dni \u2013 skierowane do 1 nauczyciela<br \/>e) szkolenie \u201eEEG \u2013 Biofeedback I i II stopnia oraz HEG Biofeedback w terapii ADHD, ADD\u201d (zadanie 3) \u2013 93 godziny \u2013 skierowane do 2 nauczycieli<br \/>f) kurs \u201eTrening Umiej\u0119tno\u015bci Spo\u0142ecznych\u201d (zadanie 3) \u2013 7 godzin \u2013 skierowane do 4 nauczycieli<br \/>g) kurs \u201eMuzykoterapeuta\u201d (zadanie 3): 80 godzin \u2013 skierowane do 1 nauczyciela<br \/>h) kurs \u201eInstruktor dogoterapii\u201d (zadanie 3) \u2013 28 wyk\u0142ad\u00f3w &#8211; skierowane do 1 nauczyciela<br \/>g) szkolenie \u201eLekcja tolerancji dla przedszkolak\u00f3w (zadanie 3) \u2013 3 godziny \u2013 skierowane do 4 nauczycieli<\/p><p style=\"margin-bottom: 0.35cm;\"><strong>Procedury rekrutacji<\/strong>:<br \/>&#8211; osob\u0105 odpowiedzialn\u0105 za rekrutacj\u0119 jest Koordynator projektu;<br \/>&#8211; rekrutacja prowadzona b\u0119dzie na terenie Niepublicznego Przedszkola Karolinka w D\u0142utowie od 01 do 30 wrze\u015bnia 2024 r., zgodnie z zasad\u0105 r\u00f3wno\u015bci szans p\u0142ci<br \/>i niedyskryminacji;<br \/>&#8211; informacja na temat projektu zostanie rozpowszechniona w trakcie bezpo\u015brednich spotka\u0144 z potencjalnymi uczestnikami projektu \u2013 ich rodzicami, strony WWW przedszkola Karolinka, informacji na tablicy og\u0142oszeniowej, za po\u015brednictwem medi\u00f3w spo\u0142eczno\u015bciowych;<br \/>&#8211; dokumentacj\u0119 rekrutacyjn\u0105 (dost\u0119pn\u0105 w biurze projektu i na stronie WWW przedszkola) stanowi: regulamin projektu wraz z zasadami rekrutacji, formularz zg\u0142oszeniowy ( w tym zgoda rodzic\u00f3w\/ opiekun\u00f3w prawnych na uczestnictwo dziecka w projekcie), o\u015bwiadczenie \/ zgoda na przetwarzanie danych osobowych.<br \/>Produkty i dzia\u0142ania s\u0142u\u017c\u0105ce rekrutacji uwzgl\u0119dnia\u0107 b\u0119d\u0105 zasad\u0119 dost\u0119pno\u015bci i niedyskryminacji, stosowany b\u0119dzie jasny, zrozumia\u0142y, niedyskryminuj\u0105cy j\u0119zyk, promowana b\u0119dzie zasada r\u00f3wnego dost\u0119pu do projektu bez wzgl\u0119du na pochodzenie, stan zdrowia, kwalifikacje, wiek i p\u0142e\u0107, strona projektu zostanie zaprojektowana zgodnie ze standardem WCAG.<br \/>Realizator projektu informuje o mo\u017cliwo\u015bci korzystania w ramach projektu przez osoby z niepe\u0142nosprawno\u015bciami z t\u0142umacze\u0144 na j\u0119zyk migowy oraz z asystent\u00f3w os\u00f3b z niepe\u0142nosprawno\u015bciami.<\/p><p style=\"margin-bottom: 0.35cm;\"><strong>Kryteria uczestnictwa<\/strong><\/p><p style=\"margin-bottom: 0.35cm;\"><strong>Kryteria formalne<\/strong>:<br \/>1. Dzieci \u2013 status dziecka obj\u0119tego wychowaniem przedszkolnym w Muzyczno \u2013 Artystycznym Niepublicznym Przedszkolu Karolinka w Be\u0142chatowie oraz zgoda rodzic\u00f3w\/ opiekun\u00f3w prawnych;<br \/>2. Nauczyciele \u2013 status nauczyciela\/ki \/wychowawcy\/czyni lub kadry zarz\u0105dzaj\u0105cej w Muzyczno \u2013 Artystycznym Niepublicznym Przedszkolu Karolinka w Be\u0142chatowie.<\/p><p style=\"margin-bottom: 0.35cm;\"><strong>Kryteria merytoryczne<\/strong>:<br \/>1. Dzieci:<br \/>a) do zaj\u0119\u0107 w ramach zada\u0144 4-5: na podstawie orzecze\u0144 \/ opinii PPP i\/lub na podstawie diagnozy pedagogicznej \u2013 rekomendacja psychologa\/ pedagoga specjalnego;<br \/>b) do zaj\u0119\u0107 w ramach zada\u0144 6-10: wszystkie dzieci obj\u0119te edukacj\u0105 przedszkoln\u0105;<br \/>c) do zaj\u0119\u0107 w ramach zadania 9: wszystkie dzieci w wieku 5-6 lat zainteresowane rozwojem swoich kompetencji przyrodniczych;<br \/>2. Nauczyciele: dob\u00f3r szkole\u0144 jest zgodny z indywidualnymi potrzebami nauczycieli dostosowany do potrzeb dzieci i Muzyczno \u2013 Artystycznego Niepublicznego Przedszkola Karolinka w Be\u0142chatowie.<\/p><p style=\"margin-bottom: 0.35cm;\"><strong>Osoby z niepe\u0142nosprawno\u015bciami zg\u0142aszaj\u0105ce si\u0119 do projektu, spe\u0142niaj\u0105ce kryteria formalne, zostan\u0105 do niego obligatoryjnie przyj\u0119te.<\/strong><\/p><p style=\"margin-bottom: 0.35cm;\">W przypadku wi\u0119kszej liczby ch\u0119tnych dzieci do danych zaj\u0119\u0107, utworzona zostanie lista rezerwowa, pierwsze\u0144stwo b\u0119d\u0105 mia\u0142y dzieci ze specjalnymi potrzebami edukacyjnymi oraz dzieci w niekorzystnej sytuacji. W przypadku wyst\u0105pienia trudno\u015bci z rekrutacj\u0105 zostanie wyd\u0142u\u017cony okres rekrutacji oraz uruchomiona dodatkowa akcja informacyjna, w tym w mediach spo\u0142eczno\u015bciowych, dodatkowe spotkania z rodzicami dzieci, zaj\u0119cia pokazowe.<br \/>Warunkiem koniecznym do rozpocz\u0119cia udzia\u0142u w projekcie jest podanie przez uczestnika danych osobowych w zakresie wskazanym przez wytyczne dotycz\u0105ce monitorowania post\u0119pu rzeczowego.<\/p><p style=\"margin-bottom: 0.35cm;\"><strong>Dane adresowe przedszkola i biura projektu<\/strong>:<br \/>Muzyczno \u2013 Artystyczne Niepubliczne Przedszkole Karolinka w Be\u0142chatowie<br \/>ul. Nehrebeckiego 55, 97 \u2013 400 Be\u0142chat\u00f3w<\/p><p style=\"margin-bottom: 0.35cm;\">Pliki do pobrania w ramach zg\u0142oszenia do projektu:<\/p>\t\t\t\t\t\t<\/div>\n\t\t\t\t<\/div>\n\t\t\t\t\t<\/div>\n\t\t\t\t<\/div>\n\t\t<div class=\"elementor-element elementor-element-516dea1 e-flex e-con-boxed e-con e-parent\" data-id=\"516dea1\" data-element_type=\"container\" data-settings=\"{&quot;content_width&quot;:&quot;boxed&quot;}\" data-core-v316-plus=\"true\">\n\t\t\t\t\t<div class=\"e-con-inner\">\n\t\t\t\t<div class=\"elementor-element elementor-element-389b756 elementor-widget elementor-widget-text-editor\" data-id=\"389b756\" data-element_type=\"widget\" data-widget_type=\"text-editor.default\">\n\t\t\t\t<div class=\"elementor-widget-container\">\n\t\t\t\t\t\t\t<p><a href=\"https:\/\/ekarolinka.pl\/belchatow-nehrebeckiego\/wp-content\/uploads\/2025\/04\/Harmonogram-na-www-Belchatow-styczen-2025.pdf\">Harmonogram\u00a0 zaj\u0119\u0107 Be\u0142chat\u00f3w\u00a0<\/a><\/p><p><a href=\"https:\/\/ekarolinka.pl\/belchatow-nehrebeckiego\/wp-content\/uploads\/2024\/07\/Deklaracja-uczestnictwa-dla-nauczyciela.docx\">Deklaracja uczestnictwa dla nauczyciela<\/a><\/p><p><a href=\"https:\/\/ekarolinka.pl\/belchatow-nehrebeckiego\/wp-content\/uploads\/2024\/07\/Deklaracja-uczestnictwa-dla-ucznia.docx\">Deklaracja uczestnictwa dla ucznia<\/a><\/p><p><a href=\"https:\/\/ekarolinka.pl\/belchatow-nehrebeckiego\/wp-content\/uploads\/2024\/07\/FORMULARZ-ZGLOSZENIOWY-dla-Nauczycieli.doc\">FORMULARZ ZG\u0141OSZENIOWY dla Nauczycieli<\/a><\/p><p><a href=\"https:\/\/ekarolinka.pl\/belchatow-nehrebeckiego\/wp-content\/uploads\/2024\/07\/FORMULARZ-ZGLOSZENIOWY-dla-Ucznia.doc\">FORMULARZ ZG\u0141OSZENIOWY dla Ucznia<\/a><\/p><p><a href=\"https:\/\/ekarolinka.pl\/belchatow-nehrebeckiego\/wp-content\/uploads\/2024\/07\/Regulamin-projektu-Najwazniejsza-jest-ciekawosc-poznawania-swiata.docx\">Regulamin projektu Najwa\u017cniejsza jest ciekawo\u015bc poznawania \u015bwiata<\/a><\/p><p><a href=\"https:\/\/ekarolinka.pl\/belchatow-nehrebeckiego\/wp-content\/uploads\/2024\/07\/Umowa-dla-ucznia.docx\">Umowa dla ucznia<\/a><\/p>\t\t\t\t\t\t<\/div>\n\t\t\t\t<\/div>\n\t\t\t\t\t<\/div>\n\t\t\t\t<\/div>\n\t\t\t\t\t\t\t<\/div>\n\t\t","protected":false},"excerpt":{"rendered":"<p>\u00a0 Numer projektu i jego nazwa: FELD.08.06 \u2013 IZ.00-0030\/23 \u201eNajwa\u017cniejsza jest ciekawo\u015b\u0107 poznawania \u015bwiata\u201d Data rozpocz\u0119cia: 01.04.2024 r. Data zako\u0144czenia: 31.03.2026 r. Realizowany w ramach:Programu Regionalnego Fundusze Europejskie dla \u0141\u00f3dzkiego 2021-2027, wsp\u00f3\u0142finansowanego przez Uni\u0119 Europejsk\u0105 ze \u015brodk\u00f3w Europejskiego Funduszu Spo\u0142ecznego Plus oraz wdra\u017cany przez Urz\u0105d Marsza\u0142kowski Wojew\u00f3dztwa \u0141\u00f3dzkiego. Realizowany przez:Muzyczno \u2013 Artystyczne Niepubliczne Przedszkole Karolinka,&#8230;<\/p>\n","protected":false},"author":1,"featured_media":0,"parent":0,"menu_order":0,"comment_status":"closed","ping_status":"closed","template":"","meta":{"footnotes":""},"class_list":["post-987820","page","type-page","status-publish","hentry"],"_links":{"self":[{"href":"https:\/\/ekarolinka.pl\/belchatow-nehrebeckiego\/wp-json\/wp\/v2\/pages\/987820","targetHints":{"allow":["GET"]}}],"collection":[{"href":"https:\/\/ekarolinka.pl\/belchatow-nehrebeckiego\/wp-json\/wp\/v2\/pages"}],"about":[{"href":"https:\/\/ekarolinka.pl\/belchatow-nehrebeckiego\/wp-json\/wp\/v2\/types\/page"}],"author":[{"embeddable":true,"href":"https:\/\/ekarolinka.pl\/belchatow-nehrebeckiego\/wp-json\/wp\/v2\/users\/1"}],"replies":[{"embeddable":true,"href":"https:\/\/ekarolinka.pl\/belchatow-nehrebeckiego\/wp-json\/wp\/v2\/comments?post=987820"}],"version-history":[{"count":40,"href":"https:\/\/ekarolinka.pl\/belchatow-nehrebeckiego\/wp-json\/wp\/v2\/pages\/987820\/revisions"}],"predecessor-version":[{"id":987993,"href":"https:\/\/ekarolinka.pl\/belchatow-nehrebeckiego\/wp-json\/wp\/v2\/pages\/987820\/revisions\/987993"}],"wp:attachment":[{"href":"https:\/\/ekarolinka.pl\/belchatow-nehrebeckiego\/wp-json\/wp\/v2\/media?parent=987820"}],"curies":[{"name":"wp","href":"https:\/\/api.w.org\/{rel}","templated":true}]}}