{"id":987851,"date":"2024-05-31T10:03:32","date_gmt":"2024-05-31T08:03:32","guid":{"rendered":"https:\/\/ekarolinka.pl\/dlutow\/?page_id=987851"},"modified":"2024-05-31T10:07:37","modified_gmt":"2024-05-31T08:07:37","slug":"oferta","status":"publish","type":"page","link":"https:\/\/ekarolinka.pl\/belchatow-nehrebeckiego\/oferta\/","title":{"rendered":"Oferta"},"content":{"rendered":"\t\t<div data-elementor-type=\"wp-page\" data-elementor-id=\"987851\" class=\"elementor elementor-987851\" data-elementor-post-type=\"page\">\n\t\t\t\t\t\t\t\t\t<section class=\"elementor-section elementor-top-section elementor-element elementor-element-99e3143 elementor-section-content-bottom elementor-section-height-min-height elementor-section-items-stretch elementor-section-boxed elementor-section-height-default\" data-id=\"99e3143\" data-element_type=\"section\" data-settings=\"{&quot;background_background&quot;:&quot;classic&quot;,&quot;animation&quot;:&quot;none&quot;,&quot;shape_divider_bottom&quot;:&quot;vamtam-waves&quot;,&quot;shape_divider_top&quot;:&quot;vamtam-waves&quot;}\">\n\t\t\t\t\t\t<div class=\"elementor-container elementor-column-gap-default\">\n\t\t\t\t\t<div class=\"elementor-column elementor-col-50 elementor-top-column elementor-element elementor-element-1e62218\" data-id=\"1e62218\" data-element_type=\"column\">\n\t\t\t<div class=\"elementor-widget-wrap elementor-element-populated\">\n\t\t\t\t\t\t\t\t\t<\/div>\n\t\t<\/div>\n\t\t\t\t<div class=\"elementor-column elementor-col-50 elementor-top-column elementor-element elementor-element-77fb9a6 elementor-hidden-phone\" data-id=\"77fb9a6\" data-element_type=\"column\">\n\t\t\t<div class=\"elementor-widget-wrap elementor-element-populated\">\n\t\t\t\t\t\t\t\t<div class=\"elementor-element elementor-element-ca71eda animated-fast elementor-invisible elementor-widget elementor-widget-image\" data-id=\"ca71eda\" data-element_type=\"widget\" data-settings=\"{&quot;_animation&quot;:&quot;zoomInDown&quot;,&quot;motion_fx_scale_effect&quot;:&quot;yes&quot;,&quot;motion_fx_scale_direction&quot;:&quot;in-out&quot;,&quot;motion_fx_scale_range&quot;:{&quot;unit&quot;:&quot;%&quot;,&quot;size&quot;:&quot;&quot;,&quot;sizes&quot;:{&quot;start&quot;:50,&quot;end&quot;:100}},&quot;motion_fx_motion_fx_scrolling&quot;:&quot;yes&quot;,&quot;motion_fx_scale_speed&quot;:{&quot;unit&quot;:&quot;px&quot;,&quot;size&quot;:6,&quot;sizes&quot;:[]},&quot;motion_fx_devices&quot;:[&quot;desktop&quot;]}\" data-widget_type=\"image.default\">\n\t\t\t\t<div class=\"elementor-widget-container\">\n\t\t\t<style>\/*! elementor - v3.16.0 - 14-09-2023 *\/\n.elementor-widget-image{text-align:center}.elementor-widget-image a{display:inline-block}.elementor-widget-image a img[src$=\".svg\"]{width:48px}.elementor-widget-image img{vertical-align:middle;display:inline-block}<\/style>\t\t\t\t\t\t\t\t\t\t\t\t<img loading=\"lazy\" decoding=\"async\" width=\"241\" height=\"300\" src=\"https:\/\/ekarolinka.pl\/belchatow-nehrebeckiego\/wp-content\/uploads\/2019\/11\/logod-241x300.png\" class=\"attachment-medium size-medium wp-image-987666\" alt=\"\" srcset=\"https:\/\/ekarolinka.pl\/belchatow-nehrebeckiego\/wp-content\/uploads\/2019\/11\/logod-241x300.png 241w, https:\/\/ekarolinka.pl\/belchatow-nehrebeckiego\/wp-content\/uploads\/2019\/11\/logod.png 249w\" sizes=\"auto, (max-width: 241px) 100vw, 241px\" \/>\t\t\t\t\t\t\t\t\t\t\t\t\t\t\t<\/div>\n\t\t\t\t<\/div>\n\t\t\t\t\t<\/div>\n\t\t<\/div>\n\t\t\t\t\t\t\t<\/div>\n\t\t<\/section>\n\t\t<div class=\"elementor-element elementor-element-337391d e-flex e-con-boxed e-con e-parent\" data-id=\"337391d\" data-element_type=\"container\" data-settings=\"{&quot;content_width&quot;:&quot;boxed&quot;}\" data-core-v316-plus=\"true\">\n\t\t\t\t\t<div class=\"e-con-inner\">\n\t\t\t\t\t<\/div>\n\t\t\t\t<\/div>\n\t\t<div class=\"elementor-element elementor-element-9631f11 e-flex e-con-boxed e-con e-parent\" data-id=\"9631f11\" data-element_type=\"container\" data-settings=\"{&quot;content_width&quot;:&quot;boxed&quot;}\" data-core-v316-plus=\"true\">\n\t\t\t\t\t<div class=\"e-con-inner\">\n\t\t<div class=\"elementor-element elementor-element-35a4181 e-con-full e-flex e-con e-child\" data-id=\"35a4181\" data-element_type=\"container\" data-settings=\"{&quot;content_width&quot;:&quot;full&quot;}\">\n\t\t\t\t<div class=\"elementor-element elementor-element-10ad442 elementor-widget elementor-widget-text-editor\" data-id=\"10ad442\" data-element_type=\"widget\" data-widget_type=\"text-editor.default\">\n\t\t\t\t<div class=\"elementor-widget-container\">\n\t\t\t<style>\/*! elementor - v3.16.0 - 14-09-2023 *\/\n.elementor-widget-text-editor.elementor-drop-cap-view-stacked .elementor-drop-cap{background-color:#69727d;color:#fff}.elementor-widget-text-editor.elementor-drop-cap-view-framed .elementor-drop-cap{color:#69727d;border:3px solid;background-color:transparent}.elementor-widget-text-editor:not(.elementor-drop-cap-view-default) .elementor-drop-cap{margin-top:8px}.elementor-widget-text-editor:not(.elementor-drop-cap-view-default) .elementor-drop-cap-letter{width:1em;height:1em}.elementor-widget-text-editor .elementor-drop-cap{float:left;text-align:center;line-height:1;font-size:50px}.elementor-widget-text-editor .elementor-drop-cap-letter{display:inline-block}<\/style>\t\t\t\t<p><strong>CZESNE \u2013 250 z\u0142otych (za miesi\u0105c) \u2013 10 godzin dziennie lub naliczanie godzinowe 1,70 z\u0142 za ka\u017cd\u0105 zadeklarowan\u0105 godzin\u0119 pobytu w plac\u00f3wce.<\/strong><\/p><p>\u00a0<\/p><p>W ramach pakietu dziecko ma zapewnione wychowanie i opiek\u0119 przez wykwalifikowan\u0105 kadr\u0119 pedagogiczn\u0105.<\/p><p>Cena obejmuje ponadto: muzykoterapi\u0119, Zumbini, robotyk\u0119 i kodowanie, opiek\u0119 logopedy, zaj\u0119cia sensoplastyczne, \u015bcie\u017ck\u0119 SI, terapi\u0119 i diagnoz\u0119, Trening Umiej\u0119tno\u015bci Spo\u0142ecznych, dogoterapi\u0119, terapi\u0119 Biofeedback, trening s\u0142uchowy metod\u0105 Tomatisa, Metod\u0105 Warnkego oraz zaj\u0119cia przyrodnicze.<\/p>\t\t\t\t\t\t<\/div>\n\t\t\t\t<\/div>\n\t\t\t\t<\/div>\n\t\t<div class=\"elementor-element elementor-element-f1a434a e-con-full e-flex e-con e-child\" data-id=\"f1a434a\" data-element_type=\"container\" data-settings=\"{&quot;content_width&quot;:&quot;full&quot;}\">\n\t\t\t\t<div class=\"elementor-element elementor-element-e2e1aff elementor-widget elementor-widget-text-editor\" data-id=\"e2e1aff\" data-element_type=\"widget\" data-widget_type=\"text-editor.default\">\n\t\t\t\t<div class=\"elementor-widget-container\">\n\t\t\t\t\t\t\t<p><strong>WPISOWE \u2013 300 z\u0142otych (jednorazowo) \u2013 w ramach wpisowego obj\u0119cie dziecka ubezpieczeniem grupowym.<\/strong><\/p><p>Informacj\u0119 o bie\u017c\u0105cych op\u0142atach zwi\u0105zanych m.in. z organizacj\u0105 r\u00f3\u017cnych imprez okoliczno\u015bciowych, wycieczek itp. b\u0119d\u0105 przekazywane rodzicom na bie\u017c\u0105co<\/p>\t\t\t\t\t\t<\/div>\n\t\t\t\t<\/div>\n\t\t\t\t<\/div>\n\t\t<div class=\"elementor-element elementor-element-11f499b e-con-full e-flex e-con e-child\" data-id=\"11f499b\" data-element_type=\"container\" data-settings=\"{&quot;content_width&quot;:&quot;full&quot;}\">\n\t\t\t\t<div class=\"elementor-element elementor-element-5b8433a elementor-widget elementor-widget-text-editor\" data-id=\"5b8433a\" data-element_type=\"widget\" data-widget_type=\"text-editor.default\">\n\t\t\t\t<div class=\"elementor-widget-container\">\n\t\t\t\t\t\t\t<p><strong>WY\u017bYWIENIE \u2013 14 Z\u0141OTYCH (stawka dzienna).<\/strong><\/p><p>W Niepublicznym Przedszkolu Karolinka w D\u0142utowie dzieci maj\u0105 zapewnione cztery posi\u0142ki:<br \/>&#8211; \u015bniadanie<br \/>&#8211; obiad (zupa)<br \/>&#8211; obiad (drugie danie)<br \/>&#8211; podwieczorek<\/p><p>\u00a0<\/p><p>Nieobecno\u015b\u0107 dziecka nale\u017cy zg\u0142asza\u0107 najp\u00f3\u017aniej do godz. 7:00 za pomoc\u0105 aplikacji LIVE KID lub w uzasadnionych przypadkach pod numerem telefonu:<\/p>\t\t\t\t\t\t<\/div>\n\t\t\t\t<\/div>\n\t\t\t\t<\/div>\n\t\t\t\t\t<\/div>\n\t\t\t\t<\/div>\n\t\t\t\t\t\t\t<\/div>\n\t\t","protected":false},"excerpt":{"rendered":"<p>CZESNE \u2013 250 z\u0142otych (za miesi\u0105c) \u2013 10 godzin dziennie lub naliczanie godzinowe 1,70 z\u0142 za ka\u017cd\u0105 zadeklarowan\u0105 godzin\u0119 pobytu w plac\u00f3wce. \u00a0 W ramach pakietu dziecko ma zapewnione wychowanie i opiek\u0119 przez wykwalifikowan\u0105 kadr\u0119 pedagogiczn\u0105. Cena obejmuje ponadto: muzykoterapi\u0119, Zumbini, robotyk\u0119 i kodowanie, opiek\u0119 logopedy, zaj\u0119cia sensoplastyczne, \u015bcie\u017ck\u0119 SI, terapi\u0119 i diagnoz\u0119, Trening Umiej\u0119tno\u015bci&#8230;<\/p>\n","protected":false},"author":1,"featured_media":0,"parent":0,"menu_order":0,"comment_status":"closed","ping_status":"closed","template":"","meta":{"footnotes":""},"class_list":["post-987851","page","type-page","status-publish","hentry"],"_links":{"self":[{"href":"https:\/\/ekarolinka.pl\/belchatow-nehrebeckiego\/wp-json\/wp\/v2\/pages\/987851","targetHints":{"allow":["GET"]}}],"collection":[{"href":"https:\/\/ekarolinka.pl\/belchatow-nehrebeckiego\/wp-json\/wp\/v2\/pages"}],"about":[{"href":"https:\/\/ekarolinka.pl\/belchatow-nehrebeckiego\/wp-json\/wp\/v2\/types\/page"}],"author":[{"embeddable":true,"href":"https:\/\/ekarolinka.pl\/belchatow-nehrebeckiego\/wp-json\/wp\/v2\/users\/1"}],"replies":[{"embeddable":true,"href":"https:\/\/ekarolinka.pl\/belchatow-nehrebeckiego\/wp-json\/wp\/v2\/comments?post=987851"}],"version-history":[{"count":4,"href":"https:\/\/ekarolinka.pl\/belchatow-nehrebeckiego\/wp-json\/wp\/v2\/pages\/987851\/revisions"}],"predecessor-version":[{"id":987855,"href":"https:\/\/ekarolinka.pl\/belchatow-nehrebeckiego\/wp-json\/wp\/v2\/pages\/987851\/revisions\/987855"}],"wp:attachment":[{"href":"https:\/\/ekarolinka.pl\/belchatow-nehrebeckiego\/wp-json\/wp\/v2\/media?parent=987851"}],"curies":[{"name":"wp","href":"https:\/\/api.w.org\/{rel}","templated":true}]}}