{"id":987835,"date":"2024-05-31T07:44:24","date_gmt":"2024-05-31T05:44:24","guid":{"rendered":"https:\/\/ekarolinka.pl\/dlutow\/?page_id=987835"},"modified":"2024-09-04T20:00:35","modified_gmt":"2024-09-04T18:00:35","slug":"dokumenty","status":"publish","type":"page","link":"https:\/\/ekarolinka.pl\/dlutow\/dokumenty\/","title":{"rendered":"Dokumenty"},"content":{"rendered":"\t\t<div data-elementor-type=\"wp-page\" data-elementor-id=\"987835\" class=\"elementor elementor-987835\" data-elementor-post-type=\"page\">\n\t\t\t\t\t\t\t\t\t<section class=\"elementor-section elementor-top-section elementor-element elementor-element-99e3143 elementor-section-content-bottom elementor-section-height-min-height elementor-section-items-stretch elementor-section-boxed elementor-section-height-default\" data-id=\"99e3143\" data-element_type=\"section\" data-settings=\"{&quot;background_background&quot;:&quot;classic&quot;,&quot;animation&quot;:&quot;none&quot;,&quot;shape_divider_bottom&quot;:&quot;vamtam-waves&quot;,&quot;shape_divider_top&quot;:&quot;vamtam-waves&quot;}\">\n\t\t\t\t\t\t<div class=\"elementor-container elementor-column-gap-default\">\n\t\t\t\t\t<div class=\"elementor-column elementor-col-50 elementor-top-column elementor-element elementor-element-1e62218\" data-id=\"1e62218\" data-element_type=\"column\">\n\t\t\t<div class=\"elementor-widget-wrap elementor-element-populated\">\n\t\t\t\t\t\t\t\t\t<\/div>\n\t\t<\/div>\n\t\t\t\t<div class=\"elementor-column elementor-col-50 elementor-top-column elementor-element elementor-element-77fb9a6 elementor-hidden-phone\" data-id=\"77fb9a6\" data-element_type=\"column\">\n\t\t\t<div class=\"elementor-widget-wrap elementor-element-populated\">\n\t\t\t\t\t\t\t\t<div class=\"elementor-element elementor-element-ca71eda animated-fast elementor-invisible elementor-widget elementor-widget-image\" data-id=\"ca71eda\" data-element_type=\"widget\" data-settings=\"{&quot;_animation&quot;:&quot;zoomInDown&quot;,&quot;motion_fx_scale_effect&quot;:&quot;yes&quot;,&quot;motion_fx_scale_direction&quot;:&quot;in-out&quot;,&quot;motion_fx_scale_range&quot;:{&quot;unit&quot;:&quot;%&quot;,&quot;size&quot;:&quot;&quot;,&quot;sizes&quot;:{&quot;start&quot;:50,&quot;end&quot;:100}},&quot;motion_fx_motion_fx_scrolling&quot;:&quot;yes&quot;,&quot;motion_fx_scale_speed&quot;:{&quot;unit&quot;:&quot;px&quot;,&quot;size&quot;:6,&quot;sizes&quot;:[]},&quot;motion_fx_devices&quot;:[&quot;desktop&quot;]}\" data-widget_type=\"image.default\">\n\t\t\t\t<div class=\"elementor-widget-container\">\n\t\t\t<style>\/*! elementor - v3.16.0 - 14-09-2023 *\/\n.elementor-widget-image{text-align:center}.elementor-widget-image a{display:inline-block}.elementor-widget-image a img[src$=\".svg\"]{width:48px}.elementor-widget-image img{vertical-align:middle;display:inline-block}<\/style>\t\t\t\t\t\t\t\t\t\t\t\t<img loading=\"lazy\" decoding=\"async\" width=\"241\" height=\"300\" src=\"https:\/\/ekarolinka.pl\/dlutow\/wp-content\/uploads\/2019\/11\/logod-241x300.png\" class=\"attachment-medium size-medium wp-image-987666\" alt=\"\" srcset=\"https:\/\/ekarolinka.pl\/dlutow\/wp-content\/uploads\/2019\/11\/logod-241x300.png 241w, https:\/\/ekarolinka.pl\/dlutow\/wp-content\/uploads\/2019\/11\/logod.png 249w\" sizes=\"auto, (max-width: 241px) 100vw, 241px\" \/>\t\t\t\t\t\t\t\t\t\t\t\t\t\t\t<\/div>\n\t\t\t\t<\/div>\n\t\t\t\t\t<\/div>\n\t\t<\/div>\n\t\t\t\t\t\t\t<\/div>\n\t\t<\/section>\n\t\t<div class=\"elementor-element elementor-element-e91d828 e-flex e-con-boxed e-con e-parent\" data-id=\"e91d828\" data-element_type=\"container\" data-settings=\"{&quot;content_width&quot;:&quot;boxed&quot;}\" data-core-v316-plus=\"true\">\n\t\t\t\t\t<div class=\"e-con-inner\">\n\t\t\t\t<div class=\"elementor-element elementor-element-a25f5de elementor-blockquote--skin-border elementor-blockquote--button-color-official elementor-widget elementor-widget-blockquote\" data-id=\"a25f5de\" data-element_type=\"widget\" data-widget_type=\"blockquote.default\">\n\t\t\t\t<div class=\"elementor-widget-container\">\n\t\t\t<style>\/*! pro-elements - v3.15.0 - 09-08-2023 *\/\n@charset \"UTF-8\";.entry-content blockquote.elementor-blockquote:not(.alignright):not(.alignleft),.entry-summary blockquote.elementor-blockquote{margin-right:0;margin-left:0}.elementor-widget-blockquote blockquote{margin:0;padding:0;outline:0;font-size:100%;vertical-align:baseline;background:transparent;quotes:none;border:0;font-style:normal;color:#3f444b}.elementor-widget-blockquote blockquote .e-q-footer:after,.elementor-widget-blockquote blockquote .e-q-footer:before,.elementor-widget-blockquote blockquote:after,.elementor-widget-blockquote blockquote:before,.elementor-widget-blockquote blockquote cite:after,.elementor-widget-blockquote blockquote cite:before{content:none}.elementor-blockquote{transition:.3s}.elementor-blockquote__author,.elementor-blockquote__content{margin-bottom:0;font-style:normal}.elementor-blockquote__author{font-weight:700}.elementor-blockquote .e-q-footer{margin-top:12px;display:flex;justify-content:space-between}.elementor-blockquote__tweet-button{display:flex;transition:.3s;color:#1da1f2;align-self:flex-end;line-height:1;position:relative;width:-moz-max-content;width:max-content}.elementor-blockquote__tweet-button:hover{color:#0967a0}.elementor-blockquote__tweet-button span{font-weight:600}.elementor-blockquote__tweet-button i,.elementor-blockquote__tweet-button span{vertical-align:middle}.elementor-blockquote__tweet-button i+span,.elementor-blockquote__tweet-button svg+span{margin-left:.5em}.elementor-blockquote__tweet-button svg{fill:#1da1f2;height:1em;width:1em}.elementor-blockquote__tweet-label{white-space:pre-wrap}.elementor-blockquote--button-skin-bubble .elementor-blockquote__tweet-button,.elementor-blockquote--button-skin-classic .elementor-blockquote__tweet-button{padding:.7em 1.2em;border-radius:100em;background-color:#1da1f2;color:#fff;font-size:15px}.elementor-blockquote--button-skin-bubble .elementor-blockquote__tweet-button:hover,.elementor-blockquote--button-skin-classic .elementor-blockquote__tweet-button:hover{background-color:#0967a0;color:#fff}.elementor-blockquote--button-skin-bubble .elementor-blockquote__tweet-button:hover:before,.elementor-blockquote--button-skin-classic .elementor-blockquote__tweet-button:hover:before{border-right-color:#0967a0}.elementor-blockquote--button-skin-bubble .elementor-blockquote__tweet-button svg,.elementor-blockquote--button-skin-classic .elementor-blockquote__tweet-button svg{fill:#fff;height:1em;width:1em}.elementor-blockquote--button-skin-bubble.elementor-blockquote--button-view-icon .elementor-blockquote__tweet-button,.elementor-blockquote--button-skin-classic.elementor-blockquote--button-view-icon .elementor-blockquote__tweet-button{padding:0;width:2em;height:2em}.elementor-blockquote--button-skin-bubble.elementor-blockquote--button-view-icon .elementor-blockquote__tweet-button i,.elementor-blockquote--button-skin-classic.elementor-blockquote--button-view-icon .elementor-blockquote__tweet-button i{position:absolute;left:50%;top:50%;transform:translate(-50%,-50%)}.elementor-blockquote--button-skin-bubble .elementor-blockquote__tweet-button:before{content:\"\";border:.5em solid transparent;border-right-color:#1da1f2;position:absolute;left:-.8em;top:50%;transform:translateY(-50%) scaleY(.65);transition:.3s}.elementor-blockquote--button-skin-bubble.elementor-blockquote--align-left .elementor-blockquote__tweet-button:before{right:auto;left:-.8em;border-right-color:#1da1f2;border-left-color:transparent}.elementor-blockquote--button-skin-bubble.elementor-blockquote--align-left .elementor-blockquote__tweet-button:hover:before{border-right-color:#0967a0}.elementor-blockquote--button-skin-bubble.elementor-blockquote--align-right .elementor-blockquote__tweet-button:before{left:auto;right:-.8em;border-right-color:transparent;border-left-color:#1da1f2}.elementor-blockquote--button-skin-bubble.elementor-blockquote--align-right .elementor-blockquote__tweet-button:hover:before{border-left-color:#0967a0}.elementor-blockquote--skin-boxed .elementor-blockquote{background-color:#f9fafa;padding:30px}.elementor-blockquote--skin-border .elementor-blockquote{border-color:#f9fafa;border-left:7px #f9fafa;border-style:solid;padding-left:20px}.elementor-blockquote--skin-quotation .elementor-blockquote:before{content:\"\u201c\";font-size:100px;color:#f9fafa;font-family:Times New Roman,Times,serif;font-weight:900;line-height:1;display:block;height:.6em}.elementor-blockquote--skin-quotation .elementor-blockquote__content{margin-top:15px}.elementor-blockquote--align-left .elementor-blockquote__content{text-align:left}.elementor-blockquote--align-left .elementor-blockquote .e-q-footer{flex-direction:row}.elementor-blockquote--align-right .elementor-blockquote__content{text-align:right}.elementor-blockquote--align-right .elementor-blockquote .e-q-footer{flex-direction:row-reverse}.elementor-blockquote--align-center .elementor-blockquote{text-align:center}.elementor-blockquote--align-center .elementor-blockquote .e-q-footer,.elementor-blockquote--align-center .elementor-blockquote__author{display:block}.elementor-blockquote--align-center .elementor-blockquote__tweet-button{margin-right:auto;margin-left:auto}<\/style>\t\t<blockquote class=\"elementor-blockquote\">\n\t\t\t<p class=\"elementor-blockquote__content\">\n\t\t\t\t\u201cDobry wychowawca to ten, kt\u00f3ry nie wt\u0142acza a wyzwala, nie ci\u0105gnie a wznosi, nie ugniata a kszta\u0142tuje, nie dyktuje a uczy, nie \u017c\u0105da a zapytuje \u2013 prze\u017cyje wraz z dzie\u0107mi wiele natchnionych chwil.\u201d\t\t\t<\/p>\n\t\t\t\t\t\t\t<div class=\"e-q-footer\">\n\t\t\t\t\t\t\t\t\t\t\t<cite class=\"elementor-blockquote__author\">Janusz Korczak<\/cite>\n\t\t\t\t\t\t\t\t\t\t\t\t\t\t<\/div>\n\t\t\t\t\t<\/blockquote>\n\t\t\t\t<\/div>\n\t\t\t\t<\/div>\n\t\t\t\t\t<\/div>\n\t\t\t\t<\/div>\n\t\t<div class=\"elementor-element elementor-element-a172be1 e-flex e-con-boxed e-con e-parent\" data-id=\"a172be1\" data-element_type=\"container\" data-settings=\"{&quot;content_width&quot;:&quot;boxed&quot;}\" data-core-v316-plus=\"true\">\n\t\t\t\t\t<div class=\"e-con-inner\">\n\t\t\t\t<div class=\"elementor-element elementor-element-70e5b9e elementor-widget elementor-widget-text-editor\" data-id=\"70e5b9e\" data-element_type=\"widget\" data-widget_type=\"text-editor.default\">\n\t\t\t\t<div class=\"elementor-widget-container\">\n\t\t\t<style>\/*! elementor - v3.16.0 - 14-09-2023 *\/\n.elementor-widget-text-editor.elementor-drop-cap-view-stacked .elementor-drop-cap{background-color:#69727d;color:#fff}.elementor-widget-text-editor.elementor-drop-cap-view-framed .elementor-drop-cap{color:#69727d;border:3px solid;background-color:transparent}.elementor-widget-text-editor:not(.elementor-drop-cap-view-default) .elementor-drop-cap{margin-top:8px}.elementor-widget-text-editor:not(.elementor-drop-cap-view-default) .elementor-drop-cap-letter{width:1em;height:1em}.elementor-widget-text-editor .elementor-drop-cap{float:left;text-align:center;line-height:1;font-size:50px}.elementor-widget-text-editor .elementor-drop-cap-letter{display:inline-block}<\/style>\t\t\t\t<p><strong>Witajcie w Karolince!<\/strong><\/p><p>Wszystkie dzieci maj\u0105 tutaj r\u00f3wne szanse. Uczymy i wychowujemy poprzez dzia\u0142anie. Rozwijamy inteligencje wielorakie. Stosujemy muzyk\u0119 i poezj\u0119 do uczenia i nauczania.\u00a0<\/p><p>\u0141\u0105czymy prac\u0119 umys\u0142ow\u0105 z \u0107wiczeniami fizycznymi.\u00a0Uczymy si\u0119 \u017cyj\u0105c w spo\u0142ecze\u0144stwie.\u00a0Kszta\u0142cimy w\u0142a\u015bciwe zachowania i system warto\u015bci.<\/p><p>Kieruj\u0105c si\u0119 do\u015bwiadczeniem oraz wykorzystuj\u0105c nowoczesne metody nauczania, stworzyli\u015bmy miejsce, w kt\u00f3rym Twoje dziecko znajdzie najlepsz\u0105 opiek\u0119 oraz doskona\u0142e warunki do doskonalenia swoich umiej\u0119tno\u015bci, odkrywania talent\u00f3w i zainteresowa\u0144. Chcemy, aby to tu Twoje dziecko przychodzi\u0142o z rado\u015bci\u0105,<\/p><p>Zaciekawieniem i oczekiwaniem na \u201eco\u015b specjalnego\u201d ka\u017cdego dnia. Chcemy, aby\u015bcie Wy, Rodzice, mieli poczucie bezpiecze\u0144stwa i zaufania. Wsp\u00f3lnie z Wami pragniemy odkrywa\u0107 ogromny potencja\u0142 najm\u0142odszych, bawi\u0105c uczy\u0107, a ucz\u0105c, towarzyszy\u0107 im w stawianiu pierwszych odwa\u017cnych krok\u00f3w w \u015bwiat.<\/p><p>Nasze przedszkole to miejsce, w kt\u00f3rym panuje ciep\u0142a, rodzinna atmosfera sprzyjaj\u0105ca indywidualnemu podej\u015bciu do rozwoju, nauki i wychowania najm\u0142odszych. Nadrz\u0119dnym celem przedszkola jest dobro dziecka. Naszym priorytetem jest zapewnienie ka\u017cdemu dziecku najlepszych warunk\u00f3w do wszechstronnego rozwoju, wspieraj\u0105c go w odkrywaniu i pobudzaniu swoich naturalnych uzdolnie\u0144 i predyspozycji.<\/p><p>Podnoszenie jako\u015bci pracy przedszkola jest procesem ci\u0105g\u0142ym, kt\u00f3ry w zasadzie nigdy si\u0119 nie ko\u0144czy.<\/p><p>Serdecznie zapraszamy!<\/p><p>Zesp\u00f3\u0142 Niepublicznego Przedszkola Karolinka w D\u0142utowie<\/p><p>\u00a0<\/p><p><a href=\"https:\/\/ekarolinka.pl\/dlutow\/wp-content\/uploads\/2024\/09\/standardyochronymaaoletnich2024dautaw.803921dc-043c-4d09-83ce-b378e77dd5d1.pdf\">Standardy ochrony ma\u0142oletnich pdf<\/a><\/p>\t\t\t\t\t\t<\/div>\n\t\t\t\t<\/div>\n\t\t\t\t\t<\/div>\n\t\t\t\t<\/div>\n\t\t\t\t\t\t\t<\/div>\n\t\t","protected":false},"excerpt":{"rendered":"<p>\u201cDobry wychowawca to ten, kt\u00f3ry nie wt\u0142acza a wyzwala, nie ci\u0105gnie a wznosi, nie ugniata a kszta\u0142tuje, nie dyktuje a uczy, nie \u017c\u0105da a zapytuje \u2013 prze\u017cyje wraz z dzie\u0107mi wiele natchnionych chwil.\u201d Janusz Korczak Witajcie w Karolince! Wszystkie dzieci maj\u0105 tutaj r\u00f3wne szanse. Uczymy i wychowujemy poprzez dzia\u0142anie. Rozwijamy inteligencje wielorakie. Stosujemy muzyk\u0119 i&#8230;<\/p>\n","protected":false},"author":1,"featured_media":0,"parent":0,"menu_order":0,"comment_status":"closed","ping_status":"closed","template":"","meta":{"footnotes":""},"class_list":["post-987835","page","type-page","status-publish","hentry"],"_links":{"self":[{"href":"https:\/\/ekarolinka.pl\/dlutow\/wp-json\/wp\/v2\/pages\/987835","targetHints":{"allow":["GET"]}}],"collection":[{"href":"https:\/\/ekarolinka.pl\/dlutow\/wp-json\/wp\/v2\/pages"}],"about":[{"href":"https:\/\/ekarolinka.pl\/dlutow\/wp-json\/wp\/v2\/types\/page"}],"author":[{"embeddable":true,"href":"https:\/\/ekarolinka.pl\/dlutow\/wp-json\/wp\/v2\/users\/1"}],"replies":[{"embeddable":true,"href":"https:\/\/ekarolinka.pl\/dlutow\/wp-json\/wp\/v2\/comments?post=987835"}],"version-history":[{"count":12,"href":"https:\/\/ekarolinka.pl\/dlutow\/wp-json\/wp\/v2\/pages\/987835\/revisions"}],"predecessor-version":[{"id":988019,"href":"https:\/\/ekarolinka.pl\/dlutow\/wp-json\/wp\/v2\/pages\/987835\/revisions\/988019"}],"wp:attachment":[{"href":"https:\/\/ekarolinka.pl\/dlutow\/wp-json\/wp\/v2\/media?parent=987835"}],"curies":[{"name":"wp","href":"https:\/\/api.w.org\/{rel}","templated":true}]}}