{"id":987857,"date":"2024-05-31T10:09:11","date_gmt":"2024-05-31T08:09:11","guid":{"rendered":"https:\/\/ekarolinka.pl\/dlutow\/?page_id=987857"},"modified":"2025-03-03T10:00:09","modified_gmt":"2025-03-03T09:00:09","slug":"rekrutacja","status":"publish","type":"page","link":"https:\/\/ekarolinka.pl\/dlutow\/rekrutacja\/","title":{"rendered":"Rekrutacja"},"content":{"rendered":"\t\t<div data-elementor-type=\"wp-page\" data-elementor-id=\"987857\" class=\"elementor elementor-987857\" data-elementor-post-type=\"page\">\n\t\t\t\t\t\t\t\t\t<section class=\"elementor-section elementor-top-section elementor-element elementor-element-99e3143 elementor-section-content-bottom elementor-section-height-min-height elementor-section-items-stretch elementor-section-boxed elementor-section-height-default\" data-id=\"99e3143\" data-element_type=\"section\" data-settings=\"{&quot;background_background&quot;:&quot;classic&quot;,&quot;animation&quot;:&quot;none&quot;,&quot;shape_divider_bottom&quot;:&quot;vamtam-waves&quot;,&quot;shape_divider_top&quot;:&quot;vamtam-waves&quot;}\">\n\t\t\t\t\t\t<div class=\"elementor-container elementor-column-gap-default\">\n\t\t\t\t\t<div class=\"elementor-column elementor-col-50 elementor-top-column elementor-element elementor-element-1e62218\" data-id=\"1e62218\" data-element_type=\"column\">\n\t\t\t<div class=\"elementor-widget-wrap elementor-element-populated\">\n\t\t\t\t\t\t\t\t\t<\/div>\n\t\t<\/div>\n\t\t\t\t<div class=\"elementor-column elementor-col-50 elementor-top-column elementor-element elementor-element-77fb9a6 elementor-hidden-phone\" data-id=\"77fb9a6\" data-element_type=\"column\">\n\t\t\t<div class=\"elementor-widget-wrap elementor-element-populated\">\n\t\t\t\t\t\t\t\t<div class=\"elementor-element elementor-element-ca71eda animated-fast elementor-invisible elementor-widget elementor-widget-image\" data-id=\"ca71eda\" data-element_type=\"widget\" data-settings=\"{&quot;_animation&quot;:&quot;zoomInDown&quot;,&quot;motion_fx_scale_effect&quot;:&quot;yes&quot;,&quot;motion_fx_scale_direction&quot;:&quot;in-out&quot;,&quot;motion_fx_scale_range&quot;:{&quot;unit&quot;:&quot;%&quot;,&quot;size&quot;:&quot;&quot;,&quot;sizes&quot;:{&quot;start&quot;:50,&quot;end&quot;:100}},&quot;motion_fx_motion_fx_scrolling&quot;:&quot;yes&quot;,&quot;motion_fx_scale_speed&quot;:{&quot;unit&quot;:&quot;px&quot;,&quot;size&quot;:6,&quot;sizes&quot;:[]},&quot;motion_fx_devices&quot;:[&quot;desktop&quot;]}\" data-widget_type=\"image.default\">\n\t\t\t\t<div class=\"elementor-widget-container\">\n\t\t\t<style>\/*! elementor - v3.16.0 - 14-09-2023 *\/\n.elementor-widget-image{text-align:center}.elementor-widget-image a{display:inline-block}.elementor-widget-image a img[src$=\".svg\"]{width:48px}.elementor-widget-image img{vertical-align:middle;display:inline-block}<\/style>\t\t\t\t\t\t\t\t\t\t\t\t<img loading=\"lazy\" decoding=\"async\" width=\"241\" height=\"300\" src=\"https:\/\/ekarolinka.pl\/dlutow\/wp-content\/uploads\/2019\/11\/logod-241x300.png\" class=\"attachment-medium size-medium wp-image-987666\" alt=\"\" srcset=\"https:\/\/ekarolinka.pl\/dlutow\/wp-content\/uploads\/2019\/11\/logod-241x300.png 241w, https:\/\/ekarolinka.pl\/dlutow\/wp-content\/uploads\/2019\/11\/logod.png 249w\" sizes=\"auto, (max-width: 241px) 100vw, 241px\" \/>\t\t\t\t\t\t\t\t\t\t\t\t\t\t\t<\/div>\n\t\t\t\t<\/div>\n\t\t\t\t\t<\/div>\n\t\t<\/div>\n\t\t\t\t\t\t\t<\/div>\n\t\t<\/section>\n\t\t<div class=\"elementor-element elementor-element-337391d e-flex e-con-boxed e-con e-parent\" data-id=\"337391d\" data-element_type=\"container\" data-settings=\"{&quot;content_width&quot;:&quot;boxed&quot;}\" data-core-v316-plus=\"true\">\n\t\t\t\t\t<div class=\"e-con-inner\">\n\t\t\t\t<div class=\"elementor-element elementor-element-d3422d5 elementor-widget elementor-widget-text-editor\" data-id=\"d3422d5\" data-element_type=\"widget\" data-widget_type=\"text-editor.default\">\n\t\t\t\t<div class=\"elementor-widget-container\">\n\t\t\t<style>\/*! elementor - v3.16.0 - 14-09-2023 *\/\n.elementor-widget-text-editor.elementor-drop-cap-view-stacked .elementor-drop-cap{background-color:#69727d;color:#fff}.elementor-widget-text-editor.elementor-drop-cap-view-framed .elementor-drop-cap{color:#69727d;border:3px solid;background-color:transparent}.elementor-widget-text-editor:not(.elementor-drop-cap-view-default) .elementor-drop-cap{margin-top:8px}.elementor-widget-text-editor:not(.elementor-drop-cap-view-default) .elementor-drop-cap-letter{width:1em;height:1em}.elementor-widget-text-editor .elementor-drop-cap{float:left;text-align:center;line-height:1;font-size:50px}.elementor-widget-text-editor .elementor-drop-cap-letter{display:inline-block}<\/style>\t\t\t\t<p data-start=\"0\" data-end=\"84\"><strong data-start=\"0\" data-end=\"82\">Rekrutacja na rok 2025\/2026 do Niepublicznego Przedszkola Karolinka w D\u0142utowie<\/strong><\/p>\n<p data-start=\"86\" data-end=\"117\">\ud83d\udce2 <strong data-start=\"89\" data-end=\"112\">Rozpoczynamy nab\u00f3r!<\/strong> \ud83d\udce2<\/p>\n<p data-start=\"119\" data-end=\"269\">Informujemy, \u017ce <strong data-start=\"146\" data-end=\"165\">3 marca 2025 r.<\/strong> rusza rekrutacja do <strong data-start=\"186\" data-end=\"237\">Niepublicznego Przedszkola Karolinka w D\u0142utowie<\/strong> na rok szkolny <strong data-start=\"253\" data-end=\"266\">2025\/2026<\/strong>.<\/p>\n<h3 data-start=\"271\" data-end=\"298\"><strong data-start=\"275\" data-end=\"296\">Dla nowych dzieci<\/strong><\/h3>\n<p><a href=\"https:\/\/ekarolinka.pl\/dlutow\/wp-content\/uploads\/2025\/03\/KARTA-ZGLOSZENIA-DZIECKA-Dlutow-2025-2026.pdf\">KARTA ZG\u0141OSZENIA DZIECKA D\u0142ut\u00f3w 2025 2026<\/a><\/p>\n<p data-start=\"299\" data-end=\"428\">Rodzic\u00f3w i opiekun\u00f3w zainteresowanych zapisaniem dziecka do naszego przedszkola zapraszamy do wype\u0142nienia <strong data-start=\"405\" data-end=\"425\">karty zg\u0142oszenia<\/strong>.<\/p>\n<h3 data-start=\"430\" data-end=\"467\"><strong data-start=\"434\" data-end=\"465\">Dla obecnych przedszkolak\u00f3w<\/strong><\/h3>\n<p><a href=\"https:\/\/ekarolinka.pl\/dlutow\/wp-content\/uploads\/2025\/03\/DEKLARACJA-O-KONTYNUACJI-Dlutow-2024-2025.pdf\">DEKLARACJA O KONTYNUACJI &#8211; D\u0142ut\u00f3w 2024 2025<\/a><\/p>\n<p data-start=\"468\" data-end=\"575\">Rodzice dzieci ju\u017c ucz\u0119szczaj\u0105cych do przedszkola proszeni s\u0105 o wype\u0142nienie <strong data-start=\"544\" data-end=\"572\">deklaracji o kontynuacji<\/strong>.<\/p>\n<p data-start=\"577\" data-end=\"713\">\ud83d\udccc <strong data-start=\"580\" data-end=\"606\">Dokumenty rekrutacyjne<\/strong> dost\u0119pne s\u0105 do pobrania poni\u017cej.<br data-start=\"639\" data-end=\"642\" \/>\ud83d\udccc Wype\u0142nione formularze prosimy sk\u0142ada\u0107 w siedzibie przedszkola.<\/p>\n<p data-start=\"715\" data-end=\"776\">Zach\u0119camy do do\u0142\u0105czenia do naszej przedszkolnej rodziny! \ud83d\ude0a<\/p>\n<p data-start=\"778\" data-end=\"828\" data-is-last-node=\"\" data-is-only-node=\"\">\ud83d\udc49 <strong data-start=\"781\" data-end=\"803\">Wi\u0119cej informacji:<\/strong> 609 527 560<\/p>\n<p data-start=\"778\" data-end=\"828\" data-is-last-node=\"\" data-is-only-node=\"\">\u00a0<\/p>\n<p data-start=\"778\" data-end=\"828\" data-is-last-node=\"\" data-is-only-node=\"\"><a href=\"https:\/\/ekarolinka.pl\/dlutow\/wp-content\/uploads\/2025\/03\/DEKLARACJA-O-KONTYNUACJI-Dlutow-2024-2025.pdf\">DEKLARACJA O KONTYNUACJI &#8211; D\u0142ut\u00f3w 2024 2025<\/a><a href=\"https:\/\/ekarolinka.pl\/dlutow\/wp-content\/uploads\/2025\/03\/KARTA-ZGLOSZENIA-DZIECKA-Dlutow-2025-2026.pdf\">\u00a0\u00a0<\/a><\/p>\n<p data-start=\"778\" data-end=\"828\" data-is-last-node=\"\" data-is-only-node=\"\"><a href=\"https:\/\/ekarolinka.pl\/dlutow\/wp-content\/uploads\/2025\/03\/KARTA-ZGLOSZENIA-DZIECKA-Dlutow-2025-2026.pdf\">KARTA ZG\u0141OSZENIA DZIECKA D\u0142ut\u00f3w 2025 2026<\/a><\/p>\t\t\t\t\t\t<\/div>\n\t\t\t\t<\/div>\n\t\t\t\t\t<\/div>\n\t\t\t\t<\/div>\n\t\t\t\t\t\t\t<\/div>\n\t\t","protected":false},"excerpt":{"rendered":"<p>Rekrutacja na rok 2025\/2026 do Niepublicznego Przedszkola Karolinka w D\u0142utowie \ud83d\udce2 Rozpoczynamy nab\u00f3r! \ud83d\udce2 Informujemy, \u017ce 3 marca 2025 r. rusza rekrutacja do Niepublicznego Przedszkola Karolinka w D\u0142utowie na rok szkolny 2025\/2026. Dla nowych dzieci KARTA ZG\u0141OSZENIA DZIECKA D\u0142ut\u00f3w 2025 2026 Rodzic\u00f3w i opiekun\u00f3w zainteresowanych zapisaniem dziecka do naszego przedszkola zapraszamy do wype\u0142nienia karty zg\u0142oszenia&#8230;.<\/p>\n","protected":false},"author":1,"featured_media":0,"parent":0,"menu_order":0,"comment_status":"closed","ping_status":"closed","template":"","meta":{"footnotes":""},"class_list":["post-987857","page","type-page","status-publish","hentry"],"_links":{"self":[{"href":"https:\/\/ekarolinka.pl\/dlutow\/wp-json\/wp\/v2\/pages\/987857","targetHints":{"allow":["GET"]}}],"collection":[{"href":"https:\/\/ekarolinka.pl\/dlutow\/wp-json\/wp\/v2\/pages"}],"about":[{"href":"https:\/\/ekarolinka.pl\/dlutow\/wp-json\/wp\/v2\/types\/page"}],"author":[{"embeddable":true,"href":"https:\/\/ekarolinka.pl\/dlutow\/wp-json\/wp\/v2\/users\/1"}],"replies":[{"embeddable":true,"href":"https:\/\/ekarolinka.pl\/dlutow\/wp-json\/wp\/v2\/comments?post=987857"}],"version-history":[{"count":15,"href":"https:\/\/ekarolinka.pl\/dlutow\/wp-json\/wp\/v2\/pages\/987857\/revisions"}],"predecessor-version":[{"id":988031,"href":"https:\/\/ekarolinka.pl\/dlutow\/wp-json\/wp\/v2\/pages\/987857\/revisions\/988031"}],"wp:attachment":[{"href":"https:\/\/ekarolinka.pl\/dlutow\/wp-json\/wp\/v2\/media?parent=987857"}],"curies":[{"name":"wp","href":"https:\/\/api.w.org\/{rel}","templated":true}]}}