{"id":987877,"date":"2024-05-31T15:11:13","date_gmt":"2024-05-31T13:11:13","guid":{"rendered":"https:\/\/ekarolinka.pl\/dlutow\/?page_id=987877"},"modified":"2025-03-03T10:37:22","modified_gmt":"2025-03-03T09:37:22","slug":"kontakt","status":"publish","type":"page","link":"https:\/\/ekarolinka.pl\/dlutow\/kontakt\/","title":{"rendered":"Kontakt"},"content":{"rendered":"<div class=\"vgblk-rw-wrapper limit-wrapper\"><p><style>\/*! elementor - v3.16.0 - 14-09-2023 *\/<br \/>\n.elementor-widget-image{text-align:center}.elementor-widget-image a{display:inline-block}.elementor-widget-image a img[src$=\".svg\"]{width:48px}.elementor-widget-image img{vertical-align:middle;display:inline-block}<\/style><\/p>\n<p><img loading=\"lazy\" decoding=\"async\" src=\"https:\/\/ekarolinka.pl\/dlutow\/wp-content\/uploads\/2019\/11\/logod-241x300.png\" sizes=\"auto, (max-width: 241px) 100vw, 241px\" srcset=\"https:\/\/ekarolinka.pl\/dlutow\/wp-content\/uploads\/2019\/11\/logod-241x300.png 241w, https:\/\/ekarolinka.pl\/dlutow\/wp-content\/uploads\/2019\/11\/logod.png 249w\" alt=\"\" width=\"241\" height=\"300\" \/><\/p>\n<p><strong>Skontaktuj si\u0119 z Przedszkolem Karolinka!<\/strong><\/p>\n<p>Zapraszamy do kontaktu wszystkich Rodzic\u00f3w lub Opiekun\u00f3w Naszych Przedszkolak\u00f3w a tak\u017ce Rodzic\u00f3w zainteresowanych ofert\u0105 oraz wsp\u00f3\u0142prac\u0105 z Naszym Przedszkolem.<\/p>\n<p>Prosimy o korzystanie z formularza kontaktowego, a my w mo\u017cliwe jak najszybszym czasie odpowiemy na wszelkie Pa\u0144stwa pytania i udzielimy<br \/>odpowiedzi dotycz\u0105cej szczeg\u00f3\u0142\u00f3w funkcjonowania Naszej plac\u00f3wki.<\/p>\n<p>95-081 D\u0142ut\u00f3w<br \/>ul. Polna 4<br \/>e- mail: kontakt@ekarolinka.pl<br \/>telefon kontaktowy: 609 527 560<br \/>godziny otwarcia: poniedzia\u0142ek \u2013 pi\u0105tek od 6:30 do 16:30<\/p>\n\n\n<p><\/p>\n<\/div><!-- .vgblk-rw-wrapper -->","protected":false},"excerpt":{"rendered":"<p>Skontaktuj si\u0119 z Przedszkolem Karolinka! Zapraszamy do kontaktu wszystkich Rodzic\u00f3w lub Opiekun\u00f3w Naszych Przedszkolak\u00f3w a tak\u017ce Rodzic\u00f3w zainteresowanych ofert\u0105 oraz wsp\u00f3\u0142prac\u0105 z Naszym Przedszkolem. Prosimy o korzystanie z formularza kontaktowego, a my w mo\u017cliwe jak najszybszym czasie odpowiemy na wszelkie Pa\u0144stwa pytania i udzielimyodpowiedzi dotycz\u0105cej szczeg\u00f3\u0142\u00f3w funkcjonowania Naszej plac\u00f3wki. 95-081 D\u0142ut\u00f3wul. Polna 4e- mail: kontakt@ekarolinka.pltelefon&#8230;<\/p>\n","protected":false},"author":1,"featured_media":0,"parent":0,"menu_order":0,"comment_status":"closed","ping_status":"closed","template":"","meta":{"footnotes":""},"class_list":["post-987877","page","type-page","status-publish","hentry"],"_links":{"self":[{"href":"https:\/\/ekarolinka.pl\/dlutow\/wp-json\/wp\/v2\/pages\/987877","targetHints":{"allow":["GET"]}}],"collection":[{"href":"https:\/\/ekarolinka.pl\/dlutow\/wp-json\/wp\/v2\/pages"}],"about":[{"href":"https:\/\/ekarolinka.pl\/dlutow\/wp-json\/wp\/v2\/types\/page"}],"author":[{"embeddable":true,"href":"https:\/\/ekarolinka.pl\/dlutow\/wp-json\/wp\/v2\/users\/1"}],"replies":[{"embeddable":true,"href":"https:\/\/ekarolinka.pl\/dlutow\/wp-json\/wp\/v2\/comments?post=987877"}],"version-history":[{"count":15,"href":"https:\/\/ekarolinka.pl\/dlutow\/wp-json\/wp\/v2\/pages\/987877\/revisions"}],"predecessor-version":[{"id":988033,"href":"https:\/\/ekarolinka.pl\/dlutow\/wp-json\/wp\/v2\/pages\/987877\/revisions\/988033"}],"wp:attachment":[{"href":"https:\/\/ekarolinka.pl\/dlutow\/wp-json\/wp\/v2\/media?parent=987877"}],"curies":[{"name":"wp","href":"https:\/\/api.w.org\/{rel}","templated":true}]}}